{"id":11994,"date":"2026-01-06T23:12:43","date_gmt":"2026-01-06T22:12:43","guid":{"rendered":"https:\/\/gambler.m2web.pl\/?post_type=product&#038;p=11994"},"modified":"2026-01-06T23:12:49","modified_gmt":"2026-01-06T22:12:49","slug":"evergreen-zeton-poker-club-chip-nominal-25-kolor-zielony","status":"publish","type":"product","link":"https:\/\/gambler.m2web.pl\/?product=evergreen-zeton-poker-club-chip-nominal-25-kolor-zielony","title":{"rendered":"Evergreen \u017beton Poker Club Chip Nomina\u0142 25 Kolor zielony"},"content":{"rendered":"","protected":false},"excerpt":{"rendered":"<p><strong>EVERGREEN \u017beton Poker Club Chip Nomina\u0142 25 Kolor zielony<\/strong><br \/>\n<strong>Seria wielokolorowych \u017ceton\u00f3w do gry w pokera z symbolami gwiazdy i kr\u00f3lewskiej korony.<\/strong><br \/>\nWykonane z tworzywa sztucznego ze zwi\u0119kszaj\u0105c\u0105 wag\u0119 metalow\u0105 wk\u0142adk\u0105.<br \/>\n<strong>Obustronne nomina\u0142y.<\/strong><br \/>\nCharakteryzuj\u0105 si\u0119 wi\u0119kszym ci\u0119\u017carem i sprawdzaj\u0105 si\u0119 w grze lepiej od standardowych \u017ceton\u00f3w 11,5 g.<br \/>\n<strong>Nomina\u0142y dost\u0119pne w serii: 1 \/ 5 \/ 10 \/ 25 \/ 50 \/ 100 \/ 500 \/ 1.000 \/ 5.000 \/ 10.000.<\/strong><br \/>\n<strong>Wymiary:<\/strong><br \/>\n\u015arednica: 40 mm<br \/>\nGrubo\u015b\u0107: 3 mm<br \/>\nWaga: 14 g.<\/p>\n<p><strong>PRODUCENT<\/strong><br \/>\nNingbo Evergreen Enterprise Co.,Ltd.<br \/>\n<strong>ADRES<\/strong><br \/>\nChiny, #19 Jingang Road,Ningdong Industrial Zone,Liyang Town,Ninghai, Ningbo\u00a0315000<br \/>\n<strong>KONTAKT<\/strong><br \/>\nbettyhu@evergreenchina.com<\/p>\n<p><strong>OSOBA ODPOWIEDZIALNA <\/strong><br \/>\nFirma Handlowa PULIO Krzysztof Gebel<br \/>\n<strong>ADRES<\/strong><br \/>\nKolejowa 3, 55-040 Bielany Wroc\u0142awskie<br \/>\n<strong>KONTAKT<\/strong><br \/>\ntel. +48 71 352 07 80<br \/>\nbiuro@pulio.pl<\/p>\n","protected":false},"featured_media":12056,"comment_status":"closed","ping_status":"closed","template":"","meta":[],"product_brand":[],"product_cat":[180,135,172],"product_tag":[],"class_list":{"0":"post-11994","1":"product","2":"type-product","3":"status-publish","4":"has-post-thumbnail","6":"product_cat-evergreen-poker-club-chip","7":"product_cat-zetony","8":"product_cat-zetony-z-nominalem-135-g","10":"first","11":"outofstock","12":"shipping-taxable","13":"purchasable","14":"product-type-simple"},"_links":{"self":[{"href":"https:\/\/gambler.m2web.pl\/index.php?rest_route=\/wp\/v2\/product\/11994","targetHints":{"allow":["GET"]}}],"collection":[{"href":"https:\/\/gambler.m2web.pl\/index.php?rest_route=\/wp\/v2\/product"}],"about":[{"href":"https:\/\/gambler.m2web.pl\/index.php?rest_route=\/wp\/v2\/types\/product"}],"replies":[{"embeddable":true,"href":"https:\/\/gambler.m2web.pl\/index.php?rest_route=%2Fwp%2Fv2%2Fcomments&post=11994"}],"version-history":[{"count":1,"href":"https:\/\/gambler.m2web.pl\/index.php?rest_route=\/wp\/v2\/product\/11994\/revisions"}],"predecessor-version":[{"id":12057,"href":"https:\/\/gambler.m2web.pl\/index.php?rest_route=\/wp\/v2\/product\/11994\/revisions\/12057"}],"wp:featuredmedia":[{"embeddable":true,"href":"https:\/\/gambler.m2web.pl\/index.php?rest_route=\/wp\/v2\/media\/12056"}],"wp:attachment":[{"href":"https:\/\/gambler.m2web.pl\/index.php?rest_route=%2Fwp%2Fv2%2Fmedia&parent=11994"}],"wp:term":[{"taxonomy":"product_brand","embeddable":true,"href":"https:\/\/gambler.m2web.pl\/index.php?rest_route=%2Fwp%2Fv2%2Fproduct_brand&post=11994"},{"taxonomy":"product_cat","embeddable":true,"href":"https:\/\/gambler.m2web.pl\/index.php?rest_route=%2Fwp%2Fv2%2Fproduct_cat&post=11994"},{"taxonomy":"product_tag","embeddable":true,"href":"https:\/\/gambler.m2web.pl\/index.php?rest_route=%2Fwp%2Fv2%2Fproduct_tag&post=11994"}],"curies":[{"name":"wp","href":"https:\/\/api.w.org\/{rel}","templated":true}]}}