{"id":12004,"date":"2026-01-06T23:12:43","date_gmt":"2026-01-06T22:12:43","guid":{"rendered":"https:\/\/gambler.m2web.pl\/?post_type=product&#038;p=12004"},"modified":"2026-01-06T23:12:51","modified_gmt":"2026-01-06T22:12:51","slug":"evergreen-zeton-prostokatny-plakieta-nominal-10-000","status":"publish","type":"product","link":"https:\/\/gambler.m2web.pl\/?product=evergreen-zeton-prostokatny-plakieta-nominal-10-000","title":{"rendered":"Evergreen \u017beton prostok\u0105tny plakieta nomina\u0142 10.000"},"content":{"rendered":"","protected":false},"excerpt":{"rendered":"<p><strong>EVERGREEN \u017beton prostok\u0105tny Plakieta Nomina\u0142 10.000<\/strong><br \/>\nNr kat.: 112CHIP96\/10000<br \/>\nKolor: czarny<br \/>\nSeria \u017ceton\u00f3w prostok\u0105tnych (plakiet) z nomina\u0142ami.<br \/>\n<strong>\u017betony wykonane z wytrzyma\u0142ego i przyjemnego w dotyku tworzywa sztucznego, z zatopion\u0105 w \u015brodku, podnosz\u0105c\u0105 wag\u0119, metalow\u0105 wk\u0142adk\u0105.<\/strong><br \/>\nMo\u017cna je \u0142\u0105czy\u0107 z \u017cetonami o ni\u017cszych nomina\u0142ach.<br \/>\n<strong>Nomina\u0142y dost\u0119pne w serii: 1.000 \/ 2.500 \/ 5.000 \/ 10.000 \/ 25.000<\/strong><br \/>\n<strong>Du\u017ce obustronne nomina\u0142y.<\/strong><br \/>\nWymiary: 74 x 45 mm.<br \/>\nGrubo\u015b\u0107: 3,5 mm.<br \/>\nWaga: 30 g.<br \/>\n<strong>Cena za sztuk\u0119.<\/strong><\/p>\n","protected":false},"featured_media":12076,"comment_status":"open","ping_status":"closed","template":"","meta":[],"product_brand":[],"product_cat":[181,135],"product_tag":[],"class_list":{"0":"post-12004","1":"product","2":"type-product","3":"status-publish","4":"has-post-thumbnail","6":"product_cat-plakiety-z-nominalem-30-g","7":"product_cat-zetony","9":"first","10":"outofstock","11":"shipping-taxable","12":"purchasable","13":"product-type-simple"},"_links":{"self":[{"href":"https:\/\/gambler.m2web.pl\/index.php?rest_route=\/wp\/v2\/product\/12004","targetHints":{"allow":["GET"]}}],"collection":[{"href":"https:\/\/gambler.m2web.pl\/index.php?rest_route=\/wp\/v2\/product"}],"about":[{"href":"https:\/\/gambler.m2web.pl\/index.php?rest_route=\/wp\/v2\/types\/product"}],"replies":[{"embeddable":true,"href":"https:\/\/gambler.m2web.pl\/index.php?rest_route=%2Fwp%2Fv2%2Fcomments&post=12004"}],"version-history":[{"count":1,"href":"https:\/\/gambler.m2web.pl\/index.php?rest_route=\/wp\/v2\/product\/12004\/revisions"}],"predecessor-version":[{"id":12077,"href":"https:\/\/gambler.m2web.pl\/index.php?rest_route=\/wp\/v2\/product\/12004\/revisions\/12077"}],"wp:featuredmedia":[{"embeddable":true,"href":"https:\/\/gambler.m2web.pl\/index.php?rest_route=\/wp\/v2\/media\/12076"}],"wp:attachment":[{"href":"https:\/\/gambler.m2web.pl\/index.php?rest_route=%2Fwp%2Fv2%2Fmedia&parent=12004"}],"wp:term":[{"taxonomy":"product_brand","embeddable":true,"href":"https:\/\/gambler.m2web.pl\/index.php?rest_route=%2Fwp%2Fv2%2Fproduct_brand&post=12004"},{"taxonomy":"product_cat","embeddable":true,"href":"https:\/\/gambler.m2web.pl\/index.php?rest_route=%2Fwp%2Fv2%2Fproduct_cat&post=12004"},{"taxonomy":"product_tag","embeddable":true,"href":"https:\/\/gambler.m2web.pl\/index.php?rest_route=%2Fwp%2Fv2%2Fproduct_tag&post=12004"}],"curies":[{"name":"wp","href":"https:\/\/api.w.org\/{rel}","templated":true}]}}