{"id":12083,"date":"2026-01-06T23:12:53","date_gmt":"2026-01-06T22:12:53","guid":{"rendered":"https:\/\/gambler.m2web.pl\/?post_type=product&#038;p=12083"},"modified":"2026-01-06T23:12:55","modified_gmt":"2026-01-06T22:12:55","slug":"evergreen-zeton-do-pokera-ept-nominal-50-ceramika","status":"publish","type":"product","link":"https:\/\/gambler.m2web.pl\/?product=evergreen-zeton-do-pokera-ept-nominal-50-ceramika","title":{"rendered":"Evergreen \u017beton do pokera EPT Nomina\u0142 50 Ceramika"},"content":{"rendered":"","protected":false},"excerpt":{"rendered":"<p><strong>Evergreen \u017beton do pokera EPT Nomina\u0142 50 Ceramika<\/strong><br \/>\nNr kat: 112CHIP18\/50<br \/>\nKolor: niebieski<br \/>\n<strong>Wysokiej jako\u015bci wielokolorowe \u017cetony ceramiczne serii EPT (European Poker Tour).<\/strong><br \/>\nEPT to rozgrywany od 2004 roku jeden z najbardziej presti\u017cowych turniej\u00f3w pokera na \u015bwiecie, wzorowany na serii World Poker Tour.<br \/>\n<strong>\u017betony wykonane z wypalanej glinki ceramicznej \u2013 najlepszego materia\u0142u wykorzystywanego do produkcji \u017ceton\u00f3w.<\/strong><br \/>\n<strong>Charakteryzuj\u0105 si\u0119 idealnym wywa\u017ceniem i du\u017c\u0105 wytrzyma\u0142o\u015bci\u0105.<\/strong><br \/>\n\u017betony z delikatnie szorstk\u0105 powierzchni\u0105, dzi\u0119ki kt\u00f3rej \u015bwietnie le\u017c\u0105 w d\u0142oni oraz nadaj\u0105 si\u0119 do wykonywania skomplikowanych trik\u00f3w.<br \/>\n<strong>Obustronne nomina\u0142y.<\/strong><br \/>\n<strong>Nomina\u0142y dost\u0119pne w serii: 1 \/ 5 \/ 25 \/ 50 \/ 100 \/ 500 \/ 1.000 \/ 5.000<\/strong><br \/>\n\u015arednica: 39,5 mm.<br \/>\nGrubo\u015b\u0107: 3,3 mm.<br \/>\nWaga: 10 g.<br \/>\n<strong>Cena za sztuk\u0119.<\/strong><\/p>\n","protected":false},"featured_media":12119,"comment_status":"open","ping_status":"closed","template":"","meta":[],"product_brand":[],"product_cat":[182,135,136],"product_tag":[],"class_list":{"0":"post-12083","1":"product","2":"type-product","3":"status-publish","4":"has-post-thumbnail","6":"product_cat-european-poker-tour","7":"product_cat-zetony","8":"product_cat-zetony-ceramiczne","10":"first","11":"outofstock","12":"shipping-taxable","13":"purchasable","14":"product-type-simple"},"_links":{"self":[{"href":"https:\/\/gambler.m2web.pl\/index.php?rest_route=\/wp\/v2\/product\/12083","targetHints":{"allow":["GET"]}}],"collection":[{"href":"https:\/\/gambler.m2web.pl\/index.php?rest_route=\/wp\/v2\/product"}],"about":[{"href":"https:\/\/gambler.m2web.pl\/index.php?rest_route=\/wp\/v2\/types\/product"}],"replies":[{"embeddable":true,"href":"https:\/\/gambler.m2web.pl\/index.php?rest_route=%2Fwp%2Fv2%2Fcomments&post=12083"}],"version-history":[{"count":1,"href":"https:\/\/gambler.m2web.pl\/index.php?rest_route=\/wp\/v2\/product\/12083\/revisions"}],"predecessor-version":[{"id":12120,"href":"https:\/\/gambler.m2web.pl\/index.php?rest_route=\/wp\/v2\/product\/12083\/revisions\/12120"}],"wp:featuredmedia":[{"embeddable":true,"href":"https:\/\/gambler.m2web.pl\/index.php?rest_route=\/wp\/v2\/media\/12119"}],"wp:attachment":[{"href":"https:\/\/gambler.m2web.pl\/index.php?rest_route=%2Fwp%2Fv2%2Fmedia&parent=12083"}],"wp:term":[{"taxonomy":"product_brand","embeddable":true,"href":"https:\/\/gambler.m2web.pl\/index.php?rest_route=%2Fwp%2Fv2%2Fproduct_brand&post=12083"},{"taxonomy":"product_cat","embeddable":true,"href":"https:\/\/gambler.m2web.pl\/index.php?rest_route=%2Fwp%2Fv2%2Fproduct_cat&post=12083"},{"taxonomy":"product_tag","embeddable":true,"href":"https:\/\/gambler.m2web.pl\/index.php?rest_route=%2Fwp%2Fv2%2Fproduct_tag&post=12083"}],"curies":[{"name":"wp","href":"https:\/\/api.w.org\/{rel}","templated":true}]}}