{"id":12167,"date":"2026-01-06T23:13:02","date_gmt":"2026-01-06T22:13:02","guid":{"rendered":"https:\/\/gambler.m2web.pl\/?post_type=product&#038;p=12167"},"modified":"2026-01-06T23:13:04","modified_gmt":"2026-01-06T22:13:04","slug":"merchant-zestaw-300-zetonow-suits-do-pokera-w-aluminiowej-walizce","status":"publish","type":"product","link":"https:\/\/gambler.m2web.pl\/?product=merchant-zestaw-300-zetonow-suits-do-pokera-w-aluminiowej-walizce","title":{"rendered":"MERCHANT Zestaw 300 \u017ceton\u00f3w SUITS do pokera w aluminiowej walizce"},"content":{"rendered":"<div class=\"item item-6\">\n<section class=\"text-item\">\n<h1>MERCHANT Zestaw 300 \u017ceton\u00f3w SUITS do pokera w aluminiowej walizce<\/h1>\n<p>Nr kat.: 111PR03309SP4<br \/>\n<b>Wysokiej jako\u015bci zestaw 300 \u017ceton\u00f3w do gry w pokera marki Merchant Ambassador Ltd.<\/b><br \/>\n\u017betony z symbolami kart do gry (Suits) o \u015brednicy 40 mm i wadze 11,5 g.<br \/>\n<b>Zawarto\u015b\u0107 zestawu:<\/b><br \/>\n<b>300 \u017ceton\u00f3w Suits<\/b><br \/>\n&#8211; 100 bia\u0142ych<br \/>\n&#8211; 100 czerwonych<br \/>\n&#8211; 50 zielonych<br \/>\n&#8211; 50 niebieskich<br \/>\n<b>Dealer Button<\/b><br \/>\n<b>Dwie\u00a0talie kart w rozmiarze pokerowym\u00a0(czerwona i niebieska)<\/b><br \/>\n<b>Walizka aluminiowa do przechowywania<\/b><br \/>\nWaga zestawu: 4,5 kg.<\/p>\n<p><strong>PRODUCENT<\/strong><br \/>\nMerchant Ambassador (Holdings) Ltd<br \/>\n<strong>ADRES<\/strong><br \/>\nRm. 601, 6\/F, Perfect Industrial Building, 31 Tai Yau Street, San Po Kong, Kowloon, Hong Kong<br \/>\n<strong>KONTAKT<\/strong><br \/>\ninfo@merchantambassador.com<\/p>\n<p><strong>OSOBA ODPOWIEDZIALNA <\/strong><br \/>\nFirma Handlowa PULIO Krzysztof Gebel<br \/>\n<strong>ADRES<\/strong><br \/>\nKolejowa 3, 55-040 Bielany Wroc\u0142awskie<br \/>\n<strong>KONTAKT<\/strong><br \/>\ntel. +48 71 352 07 80<br \/>\nbiuro@pulio.pl<\/p>\n<\/section>\n<\/div>\n","protected":false},"excerpt":{"rendered":"<p>MERCHANT Zestaw 300 \u017ceton\u00f3w SUITS do pokera w aluminiowej walizce Nr kat.: 111PR03309SP4 Wysokiej jako\u015bci zestaw 300 \u017ceton\u00f3w do gry<\/p>\n","protected":false},"featured_media":12197,"comment_status":"closed","ping_status":"closed","template":"","meta":[],"product_brand":[],"product_cat":[137],"product_tag":[],"class_list":{"0":"post-12167","1":"product","2":"type-product","3":"status-publish","4":"has-post-thumbnail","6":"product_cat-zestawy-do-pokera","8":"first","9":"outofstock","10":"shipping-taxable","11":"purchasable","12":"product-type-simple"},"_links":{"self":[{"href":"https:\/\/gambler.m2web.pl\/index.php?rest_route=\/wp\/v2\/product\/12167","targetHints":{"allow":["GET"]}}],"collection":[{"href":"https:\/\/gambler.m2web.pl\/index.php?rest_route=\/wp\/v2\/product"}],"about":[{"href":"https:\/\/gambler.m2web.pl\/index.php?rest_route=\/wp\/v2\/types\/product"}],"replies":[{"embeddable":true,"href":"https:\/\/gambler.m2web.pl\/index.php?rest_route=%2Fwp%2Fv2%2Fcomments&post=12167"}],"version-history":[{"count":1,"href":"https:\/\/gambler.m2web.pl\/index.php?rest_route=\/wp\/v2\/product\/12167\/revisions"}],"predecessor-version":[{"id":12198,"href":"https:\/\/gambler.m2web.pl\/index.php?rest_route=\/wp\/v2\/product\/12167\/revisions\/12198"}],"wp:featuredmedia":[{"embeddable":true,"href":"https:\/\/gambler.m2web.pl\/index.php?rest_route=\/wp\/v2\/media\/12197"}],"wp:attachment":[{"href":"https:\/\/gambler.m2web.pl\/index.php?rest_route=%2Fwp%2Fv2%2Fmedia&parent=12167"}],"wp:term":[{"taxonomy":"product_brand","embeddable":true,"href":"https:\/\/gambler.m2web.pl\/index.php?rest_route=%2Fwp%2Fv2%2Fproduct_brand&post=12167"},{"taxonomy":"product_cat","embeddable":true,"href":"https:\/\/gambler.m2web.pl\/index.php?rest_route=%2Fwp%2Fv2%2Fproduct_cat&post=12167"},{"taxonomy":"product_tag","embeddable":true,"href":"https:\/\/gambler.m2web.pl\/index.php?rest_route=%2Fwp%2Fv2%2Fproduct_tag&post=12167"}],"curies":[{"name":"wp","href":"https:\/\/api.w.org\/{rel}","templated":true}]}}