{"id":12169,"date":"2026-01-06T23:13:03","date_gmt":"2026-01-06T22:13:03","guid":{"rendered":"https:\/\/gambler.m2web.pl\/?post_type=product&#038;p=12169"},"modified":"2026-01-06T23:13:05","modified_gmt":"2026-01-06T22:13:05","slug":"evergreen-zeton-dice-kolor-brazowy","status":"publish","type":"product","link":"https:\/\/gambler.m2web.pl\/?product=evergreen-zeton-dice-kolor-brazowy","title":{"rendered":"EVERGREEN \u017beton Dice Kolor br\u0105zowy"},"content":{"rendered":"<h3><strong>EVERGREEN \u017beton Dice Kolor br\u0105zowy<br \/>\n<\/strong><\/h3>\n<p>Nr kat.: 112CHIP13\/11<\/p>\n<p>Seria \u017ceton\u00f3w w 12 kolorach z symbolami ko\u015bci do gry na obrze\u017cach.<\/p>\n<p><strong>\u017betony wykonane z wytrzyma\u0142ego i przyjemnego w dotyku tworzywa sztucznego,\u00a0z zatopionym w \u015brodku, podnosz\u0105cym wag\u0119, metalowym kr\u0105\u017ckiem.<\/strong><\/p>\n<p>Mo\u017cna nimi uzupe\u0142ni\u0107 posiadany zestaw \u017ceton\u00f3w lub wprowadzi\u0107 nowy kolor (warto\u015b\u0107).<\/p>\n<p><strong>Wymiary:<\/strong><\/p>\n<p>\u015arednica: 40 mm.<\/p>\n<p>Grubo\u015b\u0107: 3 mm.<\/p>\n<p><strong>Waga<\/strong>:\u00a011,5 g.<\/p>\n","protected":false},"excerpt":{"rendered":"<p>EVERGREEN \u017beton Dice Kolor br\u0105zowy Nr kat.: 112CHIP13\/11 Seria \u017ceton\u00f3w w 12 kolorach z symbolami ko\u015bci do gry na obrze\u017cach.<\/p>\n","protected":false},"featured_media":12206,"comment_status":"open","ping_status":"closed","template":"","meta":[],"product_brand":[],"product_cat":[135,157,158],"product_tag":[],"class_list":{"0":"post-12169","1":"product","2":"type-product","3":"status-publish","4":"has-post-thumbnail","6":"product_cat-zetony","7":"product_cat-zetony-bez-nominalu","8":"product_cat-zetony-dice","10":"first","11":"outofstock","12":"shipping-taxable","13":"purchasable","14":"product-type-simple"},"_links":{"self":[{"href":"https:\/\/gambler.m2web.pl\/index.php?rest_route=\/wp\/v2\/product\/12169","targetHints":{"allow":["GET"]}}],"collection":[{"href":"https:\/\/gambler.m2web.pl\/index.php?rest_route=\/wp\/v2\/product"}],"about":[{"href":"https:\/\/gambler.m2web.pl\/index.php?rest_route=\/wp\/v2\/types\/product"}],"replies":[{"embeddable":true,"href":"https:\/\/gambler.m2web.pl\/index.php?rest_route=%2Fwp%2Fv2%2Fcomments&post=12169"}],"version-history":[{"count":1,"href":"https:\/\/gambler.m2web.pl\/index.php?rest_route=\/wp\/v2\/product\/12169\/revisions"}],"predecessor-version":[{"id":12207,"href":"https:\/\/gambler.m2web.pl\/index.php?rest_route=\/wp\/v2\/product\/12169\/revisions\/12207"}],"wp:featuredmedia":[{"embeddable":true,"href":"https:\/\/gambler.m2web.pl\/index.php?rest_route=\/wp\/v2\/media\/12206"}],"wp:attachment":[{"href":"https:\/\/gambler.m2web.pl\/index.php?rest_route=%2Fwp%2Fv2%2Fmedia&parent=12169"}],"wp:term":[{"taxonomy":"product_brand","embeddable":true,"href":"https:\/\/gambler.m2web.pl\/index.php?rest_route=%2Fwp%2Fv2%2Fproduct_brand&post=12169"},{"taxonomy":"product_cat","embeddable":true,"href":"https:\/\/gambler.m2web.pl\/index.php?rest_route=%2Fwp%2Fv2%2Fproduct_cat&post=12169"},{"taxonomy":"product_tag","embeddable":true,"href":"https:\/\/gambler.m2web.pl\/index.php?rest_route=%2Fwp%2Fv2%2Fproduct_tag&post=12169"}],"curies":[{"name":"wp","href":"https:\/\/api.w.org\/{rel}","templated":true}]}}