{"id":12170,"date":"2026-01-06T23:13:03","date_gmt":"2026-01-06T22:13:03","guid":{"rendered":"https:\/\/gambler.m2web.pl\/?post_type=product&#038;p=12170"},"modified":"2026-01-06T23:13:06","modified_gmt":"2026-01-06T22:13:06","slug":"evergreen-poker-card-guard-big-slick-aceking-straznik-kart-protektor","status":"publish","type":"product","link":"https:\/\/gambler.m2web.pl\/?product=evergreen-poker-card-guard-big-slick-aceking-straznik-kart-protektor","title":{"rendered":"EVERGREEN Poker Card Guard BIG SLICK &#8211; ACE&amp;KING (Stra\u017cnik kart\/Protektor)"},"content":{"rendered":"<h3><strong>EVERGREEN Poker Card Guard BIG SLICK &#8211; ACE&amp;KING<\/strong><\/h3>\n<p><strong>Wysokiej jako\u015bci metalowy Card Guard (Stra\u017cnik kart\/Protektor) przeznaczony do gry w pokera, w szczeg\u00f3lno\u015bci do najpopularniejszych odmian \u201eTexas Hold&#8217;em\u201d i \u201eOmaha\u201d.<\/strong><\/p>\n<p><strong>Card Guard s\u0142u\u017cy do zabezpieczenia swoich kart przed przypadkowym odwr\u00f3ceniem podczas gry.<\/strong><\/p>\n<p>Po po\u0142o\u017ceniu Stra\u017cnika na zakryte karty na stole, gracz sygnalizuje, \u017ce jest jeszcze w grze.<\/p>\n<p><strong>Card Guard jest wykonany z wysokogatunkowej stali lakierowanej na z\u0142oty kolor i ozdobiony motywami o tematyce pokerowej.<\/strong><\/p>\n<p>Awers malowany w trzech kolorach, rewers jednolicie z\u0142oty.<\/p>\n<p>Zapakowany w kapsel z przezroczystego akrylu.<\/p>\n<p>\u015arednica: 40 mm.<\/p>\n<p>Grubo\u015b\u0107: 3 mm.<\/p>\n<p>Waga: 29 g.<\/p>\n<p><strong>PRODUCENT<\/strong><br \/>\nNingbo Evergreen Enterprise Co.,Ltd.<br \/>\n<strong>ADRES<\/strong><br \/>\nChiny, #19 Jingang Road,Ningdong Industrial Zone,Liyang Town,Ninghai, Ningbo\u00a0315000<br \/>\n<strong>KONTAKT<\/strong><br \/>\nbettyhu@evergreenchina.com<\/p>\n<p><strong>OSOBA ODPOWIEDZIALNA <\/strong><br \/>\nFirma Handlowa PULIO Krzysztof Gebel<br \/>\n<strong>ADRES<\/strong><br \/>\nKolejowa 3, 55-040 Bielany Wroc\u0142awskie<br \/>\n<strong>KONTAKT<\/strong><br \/>\ntel. +48 71 352 07 80<br \/>\nbiuro@pulio.pl<\/p>\n","protected":false},"excerpt":{"rendered":"<p>EVERGREEN Poker Card Guard BIG SLICK &#8211; ACE&amp;KING Wysokiej jako\u015bci metalowy Card Guard (Stra\u017cnik kart\/Protektor) przeznaczony do gry w pokera,<\/p>\n","protected":false},"featured_media":12208,"comment_status":"closed","ping_status":"closed","template":"","meta":[],"product_brand":[],"product_cat":[127,159],"product_tag":[],"class_list":{"0":"post-12170","1":"product","2":"type-product","3":"status-publish","4":"has-post-thumbnail","6":"product_cat-akcesoria","7":"product_cat-card-guards","9":"first","10":"instock","11":"shipping-taxable","12":"purchasable","13":"product-type-simple"},"_links":{"self":[{"href":"https:\/\/gambler.m2web.pl\/index.php?rest_route=\/wp\/v2\/product\/12170","targetHints":{"allow":["GET"]}}],"collection":[{"href":"https:\/\/gambler.m2web.pl\/index.php?rest_route=\/wp\/v2\/product"}],"about":[{"href":"https:\/\/gambler.m2web.pl\/index.php?rest_route=\/wp\/v2\/types\/product"}],"replies":[{"embeddable":true,"href":"https:\/\/gambler.m2web.pl\/index.php?rest_route=%2Fwp%2Fv2%2Fcomments&post=12170"}],"version-history":[{"count":1,"href":"https:\/\/gambler.m2web.pl\/index.php?rest_route=\/wp\/v2\/product\/12170\/revisions"}],"predecessor-version":[{"id":12209,"href":"https:\/\/gambler.m2web.pl\/index.php?rest_route=\/wp\/v2\/product\/12170\/revisions\/12209"}],"wp:featuredmedia":[{"embeddable":true,"href":"https:\/\/gambler.m2web.pl\/index.php?rest_route=\/wp\/v2\/media\/12208"}],"wp:attachment":[{"href":"https:\/\/gambler.m2web.pl\/index.php?rest_route=%2Fwp%2Fv2%2Fmedia&parent=12170"}],"wp:term":[{"taxonomy":"product_brand","embeddable":true,"href":"https:\/\/gambler.m2web.pl\/index.php?rest_route=%2Fwp%2Fv2%2Fproduct_brand&post=12170"},{"taxonomy":"product_cat","embeddable":true,"href":"https:\/\/gambler.m2web.pl\/index.php?rest_route=%2Fwp%2Fv2%2Fproduct_cat&post=12170"},{"taxonomy":"product_tag","embeddable":true,"href":"https:\/\/gambler.m2web.pl\/index.php?rest_route=%2Fwp%2Fv2%2Fproduct_tag&post=12170"}],"curies":[{"name":"wp","href":"https:\/\/api.w.org\/{rel}","templated":true}]}}