{"id":12181,"date":"2026-01-06T23:13:03","date_gmt":"2026-01-06T22:13:03","guid":{"rendered":"https:\/\/gambler.m2web.pl\/?post_type=product&#038;p=12181"},"modified":"2026-01-06T23:13:08","modified_gmt":"2026-01-06T22:13:08","slug":"trefl-karty-do-brydza-classic-55-kart-kolor-brazowy","status":"publish","type":"product","link":"https:\/\/gambler.m2web.pl\/?product=trefl-karty-do-brydza-classic-55-kart-kolor-brazowy","title":{"rendered":"TREFL Karty do bryd\u017ca Classic 55 kart kolor br\u0105zowy"},"content":{"rendered":"<div class=\"mp4t_16_s mryx_16_s mr3m_1 mli2_1 mh85_56 mh85_0_l\">\n<div class=\"mgn2_16 _0d3bd_5pK0q\">\n<div class=\"mp4t_16_s mryx_16_s mr3m_1 mli2_1 mh85_56 mh85_0_l\">\n<div class=\"mgn2_16 _0d3bd_5pK0q\">\n<h3>TREFL Karty do bryd\u017ca Classic 55 kart<\/h3>\n<p>Nr kat.: 105T14905<\/p>\n<p>Kolor opakowania: br\u0105zowy<\/p>\n<p><b>Klasyczne karty do gry znanej i cenionej od lat w Polsce marki Trefl.<\/b><\/p>\n<p><b>Na rewersach charakterystyczny dla tej marki wz\u00f3r z li\u015b\u0107mi d\u0119bu.<\/b><\/p>\n<p>Karty dedykowane do bryd\u017ca i kanasty, mog\u0105 by\u0107 wykorzystywane tak\u017ce w innych grach karcianych.<\/p>\n<p><b>Karty w rozmiarze bryd\u017cowym (57 x 88 mm).<\/b><\/p>\n<p>Karty wykonane z kartonu pokrytego plastikow\u0105 foli\u0105.<\/p>\n<p><b>Standardowe indeksy.<\/b><\/p>\n<p>Talia 55 kart (zielone rewersy).<\/p>\n<p><b>Wyprodukowane w Polsce.<\/b><\/p>\n<\/div>\n<\/div>\n<\/div>\n<\/div>\n","protected":false},"excerpt":{"rendered":"<p>TREFL Karty do bryd\u017ca Classic 55 kart Nr kat.: 105T14905 Kolor opakowania: br\u0105zowy Klasyczne karty do gry znanej i cenionej<\/p>\n","protected":false},"featured_media":12237,"comment_status":"open","ping_status":"closed","template":"","meta":[],"product_brand":[],"product_cat":[138,132],"product_tag":[],"class_list":{"0":"post-12181","1":"product","2":"type-product","3":"status-publish","4":"has-post-thumbnail","6":"product_cat-inne","7":"product_cat-karty","9":"first","10":"outofstock","11":"shipping-taxable","12":"purchasable","13":"product-type-simple"},"_links":{"self":[{"href":"https:\/\/gambler.m2web.pl\/index.php?rest_route=\/wp\/v2\/product\/12181","targetHints":{"allow":["GET"]}}],"collection":[{"href":"https:\/\/gambler.m2web.pl\/index.php?rest_route=\/wp\/v2\/product"}],"about":[{"href":"https:\/\/gambler.m2web.pl\/index.php?rest_route=\/wp\/v2\/types\/product"}],"replies":[{"embeddable":true,"href":"https:\/\/gambler.m2web.pl\/index.php?rest_route=%2Fwp%2Fv2%2Fcomments&post=12181"}],"version-history":[{"count":1,"href":"https:\/\/gambler.m2web.pl\/index.php?rest_route=\/wp\/v2\/product\/12181\/revisions"}],"predecessor-version":[{"id":12238,"href":"https:\/\/gambler.m2web.pl\/index.php?rest_route=\/wp\/v2\/product\/12181\/revisions\/12238"}],"wp:featuredmedia":[{"embeddable":true,"href":"https:\/\/gambler.m2web.pl\/index.php?rest_route=\/wp\/v2\/media\/12237"}],"wp:attachment":[{"href":"https:\/\/gambler.m2web.pl\/index.php?rest_route=%2Fwp%2Fv2%2Fmedia&parent=12181"}],"wp:term":[{"taxonomy":"product_brand","embeddable":true,"href":"https:\/\/gambler.m2web.pl\/index.php?rest_route=%2Fwp%2Fv2%2Fproduct_brand&post=12181"},{"taxonomy":"product_cat","embeddable":true,"href":"https:\/\/gambler.m2web.pl\/index.php?rest_route=%2Fwp%2Fv2%2Fproduct_cat&post=12181"},{"taxonomy":"product_tag","embeddable":true,"href":"https:\/\/gambler.m2web.pl\/index.php?rest_route=%2Fwp%2Fv2%2Fproduct_tag&post=12181"}],"curies":[{"name":"wp","href":"https:\/\/api.w.org\/{rel}","templated":true}]}}