{"id":12283,"date":"2026-01-06T23:13:15","date_gmt":"2026-01-06T22:13:15","guid":{"rendered":"https:\/\/gambler.m2web.pl\/?post_type=product&#038;p=12283"},"modified":"2026-01-06T23:13:16","modified_gmt":"2026-01-06T22:13:16","slug":"cartamundi-zestaw-300-zetonow-dice-do-pokera-w-aluminiowej-walizce","status":"publish","type":"product","link":"https:\/\/gambler.m2web.pl\/?product=cartamundi-zestaw-300-zetonow-dice-do-pokera-w-aluminiowej-walizce","title":{"rendered":"CARTAMUNDI Zestaw 300 \u017ceton\u00f3w DICE do pokera w aluminiowej walizce"},"content":{"rendered":"<h1>CARTAMUNDI Zestaw 300 \u017ceton\u00f3w DICE do pokera w aluminiowej walizce<\/h1>\n<p>Nr kat.: 107130005999<br \/>\n<strong>Wysokiej jako\u015bci zestaw 300 \u017ceton\u00f3w do gry w pokera marki Cartamundi (Texas Hold&#8217;em Poker Set).<\/strong><br \/>\n\u017betony z symbolami ko\u015bci do gry (Dice) o \u015brednicy 40 mm i wadze 11,5 g.<br \/>\n<strong>Zawarto\u015b\u0107 zestawu:<\/strong><br \/>\n<strong>300 \u017ceton\u00f3w Dice<\/strong><br \/>\n&#8211; 100 bia\u0142ych<br \/>\n&#8211; 100 czerwonych<br \/>\n&#8211; 50 zielonych<br \/>\n&#8211; 50 niebieskich<br \/>\n<strong>Dealer Button, Big Blind i Small Blind<\/strong><br \/>\n<strong>Dwie talie kart w rozmiarze pokerowym (czerwona i niebieska) marki Cartamundi<\/strong><br \/>\n<strong>5 ko\u015bci do gry<\/strong><br \/>\n<strong>Walizka aluminiowa do przechowywania<\/strong><br \/>\nWaga zestawu: 4,5 kg.<\/p>\n<p><em>Cartamundi \u2013 belgijski producent kart do gry. Firma powsta\u0142a w Turnhout w 1970 r. <\/em><em>Poza siedzib\u0105 g\u0142\u00f3wn\u0105 i centrum produkcyjnym w Turnhout w Belgii, Cartamundi posiada tak\u017ce fabryki w Niemczech, Stanach Zjednoczonych, Wielkiej Brytanii, Brazylii, Meksyku oraz w Polsce. <\/em><em>Grupa Cartamundi jest najwi\u0119kszym licencjobiorc\u0105 w Europie w swojej kategorii produktowej i sta\u0142a si\u0119 globalnym partnerem lidera rynku licencji The Walt Disney Company oraz innych renomowanych licencjodawc\u00f3w takich jak Warner Bros, EON, Lucasfilm, National Geographic, Mattel czy UEFA.<\/em><\/p>\n<p><strong>PRODUCENT<\/strong><br \/>\nCartamundi Polska Sp. z o.o.<br \/>\n<strong>ADRES<\/strong><br \/>\nP\u00d3\u0141\u0141ANKI 18, 30-740\u00a0Krak\u00f3w, Polska<br \/>\n<strong>KONTAKT<\/strong><br \/>\njoanna.siudek@cartamundi.com<\/p>\n<p><strong>OSOBA ODPOWIEDZIALNA<\/strong><br \/>\nCartamundi Polska Sp. z o.o.<br \/>\n<strong>ADRES<\/strong><br \/>\nP\u00d3\u0141\u0141ANKI 18, 30-740\u00a0Krak\u00f3w, Polska<br \/>\n<strong>KONTAKT<\/strong><br \/>\njoanna.siudek@cartamundi.com<\/p>\n","protected":false},"excerpt":{"rendered":"<p>CARTAMUNDI Zestaw 300 \u017ceton\u00f3w DICE do pokera w aluminiowej walizce Nr kat.: 107130005999 Wysokiej jako\u015bci zestaw 300 \u017ceton\u00f3w do gry<\/p>\n","protected":false},"featured_media":12316,"comment_status":"closed","ping_status":"closed","template":"","meta":[],"product_brand":[],"product_cat":[137],"product_tag":[],"class_list":{"0":"post-12283","1":"product","2":"type-product","3":"status-publish","4":"has-post-thumbnail","6":"product_cat-zestawy-do-pokera","8":"first","9":"instock","10":"shipping-taxable","11":"purchasable","12":"product-type-simple"},"_links":{"self":[{"href":"https:\/\/gambler.m2web.pl\/index.php?rest_route=\/wp\/v2\/product\/12283","targetHints":{"allow":["GET"]}}],"collection":[{"href":"https:\/\/gambler.m2web.pl\/index.php?rest_route=\/wp\/v2\/product"}],"about":[{"href":"https:\/\/gambler.m2web.pl\/index.php?rest_route=\/wp\/v2\/types\/product"}],"replies":[{"embeddable":true,"href":"https:\/\/gambler.m2web.pl\/index.php?rest_route=%2Fwp%2Fv2%2Fcomments&post=12283"}],"version-history":[{"count":1,"href":"https:\/\/gambler.m2web.pl\/index.php?rest_route=\/wp\/v2\/product\/12283\/revisions"}],"predecessor-version":[{"id":12317,"href":"https:\/\/gambler.m2web.pl\/index.php?rest_route=\/wp\/v2\/product\/12283\/revisions\/12317"}],"wp:featuredmedia":[{"embeddable":true,"href":"https:\/\/gambler.m2web.pl\/index.php?rest_route=\/wp\/v2\/media\/12316"}],"wp:attachment":[{"href":"https:\/\/gambler.m2web.pl\/index.php?rest_route=%2Fwp%2Fv2%2Fmedia&parent=12283"}],"wp:term":[{"taxonomy":"product_brand","embeddable":true,"href":"https:\/\/gambler.m2web.pl\/index.php?rest_route=%2Fwp%2Fv2%2Fproduct_brand&post=12283"},{"taxonomy":"product_cat","embeddable":true,"href":"https:\/\/gambler.m2web.pl\/index.php?rest_route=%2Fwp%2Fv2%2Fproduct_cat&post=12283"},{"taxonomy":"product_tag","embeddable":true,"href":"https:\/\/gambler.m2web.pl\/index.php?rest_route=%2Fwp%2Fv2%2Fproduct_tag&post=12283"}],"curies":[{"name":"wp","href":"https:\/\/api.w.org\/{rel}","templated":true}]}}