{"id":12301,"date":"2026-01-06T23:13:15","date_gmt":"2026-01-06T22:13:15","guid":{"rendered":"https:\/\/gambler.m2web.pl\/?post_type=product&#038;p=12301"},"modified":"2026-01-06T23:13:23","modified_gmt":"2026-01-06T22:13:23","slug":"the-u-s-playing-card-co-karty-bicycle-artisan-black","status":"publish","type":"product","link":"https:\/\/gambler.m2web.pl\/?product=the-u-s-playing-card-co-karty-bicycle-artisan-black","title":{"rendered":"THE U.S. PLAYING CARD CO. Karty Bicycle ARTISAN Black"},"content":{"rendered":"<div class=\"item item-6\">\n<section class=\"text-item\">\n<h1>THE U.S. PLAYING CARD CO. Karty Bicycle ARTISAN Black<\/h1>\n<p>Nr kat.: 117Q431801<\/p>\n<p><b>Luksusowe karty do gry marki Bicycle zaprojektowane przez Simona\u00a0<\/b><b><span class=\"\">Frouwsa &#8211; <\/span><\/b><b>artyst\u0119 z RPA.<br \/>\n<\/b><\/p>\n<p>Wyr\u00f3\u017cniaj\u0105 si\u0119 pi\u0119knym, ornamentowym wzorem w z\u0142otym kolorze.<\/p>\n<p><b>Karty z serii &#8220;Theory11&#8221; &#8211; wykonane z najwy\u017cszej jako\u015bci z czarnego papieru <span class=\"\">(klasy Casino Q1) <\/span><span class=\"a-list-item\">z certyfikatem FSC (pochodz\u0105cym ze zr\u00f3wnowa\u017conych las\u00f3w) przy u\u017cyciu atrament\u00f3w na bazie ro\u015blin, <\/span>pokrytego warstw\u0105 t\u0142oczonej na gor\u0105co z\u0142otej folii wyprodukowanej na bazie skrobi.<\/b><\/p>\n<p><strong>Standardowe indeksy.<\/strong><\/p>\n<p>Karty w rozmiarze pokerowym (63 x 89 mm).<\/p>\n<p>Talia 52 karty + 2 Jokery.<\/p>\n<p><strong>Wyprodukowane w USA.<\/strong><\/p>\n<p><i>Marka Bicycle istnieje od 1885 roku i szczyci si\u0119 wieloletni\u0105 tradycj\u0105 w produkcji kart. Jej znakiem rozpoznawczym jest motyw roweru. W\u0142a\u015bcicielem marki Bicycle jest United States Playing Card Company, posiadaj\u0105ca w swoim portfolio tak\u017ce takie marki jak: Aviator, Bee, Fournier, Hoyle, KEM czy\u00a0Tally-Ho. Udzia\u0142 tych marek w \u015bwiatowej produkcji kart przekracza 35%. Karty Bicycle s\u0105 u\u017cywane przez graczy na ca\u0142ym \u015bwiecie oraz popularne w\u015br\u00f3d magik\u00f3w, iluzjonist\u00f3w oraz wszystkich innych entuzjast\u00f3w kart.<\/i><\/p>\n<p><strong>PRODUCENT<\/strong><br \/>\nThe United States Playing Card Company<\/p>\n<p><strong>Adres<\/strong><br \/>\n300 Gap Way, KY 41018\u00a0Erlanger, Stany Zjednoczone<\/p>\n<p><strong>Kontakt<\/strong><\/p>\n<blockquote class=\"wp-embedded-content\" data-secret=\"JxRB58jfiw\"><p><a href=\"https:\/\/usplayingcard.com\/contact-us\/\">Contact Us<\/a><\/p><\/blockquote>\n<p>&nbsp;<\/p>\n<p><strong>OSOBA ODPOWIEDZIALNA<\/strong><br \/>\nQUINT Piotr Maliszewski<\/p>\n<p><strong>Adres<\/strong><br \/>\nIrysowa 16, 87-100\u00a0Toru\u0144, Polska<\/p>\n<p><strong>Kontakt<\/strong><br \/>\ninfo@poker-sklep.pl<\/p>\n<\/section>\n<\/div>\n","protected":false},"excerpt":{"rendered":"<p>THE U.S. PLAYING CARD CO. Karty Bicycle ARTISAN Black Nr kat.: 117Q431801 Luksusowe karty do gry marki Bicycle zaprojektowane przez<\/p>\n","protected":false},"featured_media":12385,"comment_status":"closed","ping_status":"closed","template":"","meta":[],"product_brand":[],"product_cat":[145,132],"product_tag":[],"class_list":{"0":"post-12301","1":"product","2":"type-product","3":"status-publish","4":"has-post-thumbnail","6":"product_cat-bicycle","7":"product_cat-karty","9":"first","10":"outofstock","11":"shipping-taxable","12":"purchasable","13":"product-type-simple"},"_links":{"self":[{"href":"https:\/\/gambler.m2web.pl\/index.php?rest_route=\/wp\/v2\/product\/12301","targetHints":{"allow":["GET"]}}],"collection":[{"href":"https:\/\/gambler.m2web.pl\/index.php?rest_route=\/wp\/v2\/product"}],"about":[{"href":"https:\/\/gambler.m2web.pl\/index.php?rest_route=\/wp\/v2\/types\/product"}],"replies":[{"embeddable":true,"href":"https:\/\/gambler.m2web.pl\/index.php?rest_route=%2Fwp%2Fv2%2Fcomments&post=12301"}],"version-history":[{"count":1,"href":"https:\/\/gambler.m2web.pl\/index.php?rest_route=\/wp\/v2\/product\/12301\/revisions"}],"predecessor-version":[{"id":12386,"href":"https:\/\/gambler.m2web.pl\/index.php?rest_route=\/wp\/v2\/product\/12301\/revisions\/12386"}],"wp:featuredmedia":[{"embeddable":true,"href":"https:\/\/gambler.m2web.pl\/index.php?rest_route=\/wp\/v2\/media\/12385"}],"wp:attachment":[{"href":"https:\/\/gambler.m2web.pl\/index.php?rest_route=%2Fwp%2Fv2%2Fmedia&parent=12301"}],"wp:term":[{"taxonomy":"product_brand","embeddable":true,"href":"https:\/\/gambler.m2web.pl\/index.php?rest_route=%2Fwp%2Fv2%2Fproduct_brand&post=12301"},{"taxonomy":"product_cat","embeddable":true,"href":"https:\/\/gambler.m2web.pl\/index.php?rest_route=%2Fwp%2Fv2%2Fproduct_cat&post=12301"},{"taxonomy":"product_tag","embeddable":true,"href":"https:\/\/gambler.m2web.pl\/index.php?rest_route=%2Fwp%2Fv2%2Fproduct_tag&post=12301"}],"curies":[{"name":"wp","href":"https:\/\/api.w.org\/{rel}","templated":true}]}}