{"id":12306,"date":"2026-01-06T23:13:15","date_gmt":"2026-01-06T22:13:15","guid":{"rendered":"https:\/\/gambler.m2web.pl\/?post_type=product&#038;p=12306"},"modified":"2026-01-06T23:13:28","modified_gmt":"2026-01-06T22:13:28","slug":"evergreen-zestaw-200-zetonow-suits-do-pokera-w-aluminiowej-puszce","status":"publish","type":"product","link":"https:\/\/gambler.m2web.pl\/?product=evergreen-zestaw-200-zetonow-suits-do-pokera-w-aluminiowej-puszce","title":{"rendered":"EVERGREEN Zestaw 200 \u017ceton\u00f3w SUITS do pokera w aluminiowej puszce"},"content":{"rendered":"<div class=\"item item-6\">\n<section class=\"text-item\">\n<div class=\"item item-6\">\n<section class=\"text-item\">\n<h1>EVERGREEN Zestaw 200 \u017ceton\u00f3w SUITS do pokera w aluminiowej puszce<\/h1>\n<p>Nr kat.: 112HRC020<b><\/b><br \/>\n<b>Podstawowy zestaw 200 \u017ceton\u00f3w do gry w pokera marki Ningbo Evergreen Enterprise Co., Ltd.<\/b><br \/>\n\u017betony z symbolami kart do gry (Suits) o \u015brednicy 38 mm i wadze 3 g.<br \/>\n<b>Zawarto\u015b\u0107 zestawu:<\/b><br \/>\n<b>200 \u017ceton\u00f3w<\/b><br \/>\n&#8211; 40 bia\u0142ych<br \/>\n&#8211; 40 czerwonych<br \/>\n&#8211; 40 zielonych<br \/>\n&#8211; 40 czarnych<br \/>\n&#8211; 40 niebieskich<br \/>\n<b>Dealer Button<\/b><br \/>\n<b>Big Blind<\/b><br \/>\n<b>Small Blind<\/b><br \/>\n<b>Mata do pokera do roz\u0142o\u017cenia na stole (90 x 60 cm)<\/b><br \/>\n<b>Dwie talie plastikowanych kart w rozmiarze pokerowym<\/b><br \/>\n<b>Skr\u00f3cona instrukcja z zasadami gry w pokera (eng.)<\/b><br \/>\n<b>Stela\u017c do przechowywania \u017ceton\u00f3w i aluminiowa puszka<\/b><br \/>\nWymiary z\u0142o\u017conego zestawu:\u00a0 24,5 x 12 x 11 cm.<br \/>\nWaga zestawu: 1,6 kg.<\/p>\n<p><strong>PRODUCENT<\/strong><br \/>\nNingbo Evergreen Enterprise Co.,Ltd.<\/p>\n<p><strong>ADRES<\/strong><br \/>\nChiny, #19 Jingang Road,Ningdong Industrial Zone,Liyang Town,Ninghai, Ningbo\u00a0315000<\/p>\n<p><strong>KONTAKT<\/strong><br \/>\nbettyhu@evergreenchina.com<\/p>\n<p>&nbsp;<\/p>\n<p><strong>OSOBA ODPOWIEDZIALNA <\/strong><br \/>\nFirma Handlowa PULIO Krzysztof Gebel<\/p>\n<p><strong>ADRES<\/strong><br \/>\nKolejowa 3, 55-040 Bielany Wroc\u0142awskie<\/p>\n<p><strong>KONTAKT<\/strong><br \/>\ntel. +48 71 352 07 80<br \/>\nbiuro@pulio.pl<\/p>\n<\/section>\n<\/div>\n<\/section>\n<\/div>\n","protected":false},"excerpt":{"rendered":"<p>EVERGREEN Zestaw 200 \u017ceton\u00f3w SUITS do pokera w aluminiowej puszce Nr kat.: 112HRC020 Podstawowy zestaw 200 \u017ceton\u00f3w do gry w<\/p>\n","protected":false},"featured_media":12407,"comment_status":"closed","ping_status":"closed","template":"","meta":[],"product_brand":[],"product_cat":[137],"product_tag":[],"class_list":{"0":"post-12306","1":"product","2":"type-product","3":"status-publish","4":"has-post-thumbnail","6":"product_cat-zestawy-do-pokera","8":"first","9":"outofstock","10":"shipping-taxable","11":"purchasable","12":"product-type-simple"},"_links":{"self":[{"href":"https:\/\/gambler.m2web.pl\/index.php?rest_route=\/wp\/v2\/product\/12306","targetHints":{"allow":["GET"]}}],"collection":[{"href":"https:\/\/gambler.m2web.pl\/index.php?rest_route=\/wp\/v2\/product"}],"about":[{"href":"https:\/\/gambler.m2web.pl\/index.php?rest_route=\/wp\/v2\/types\/product"}],"replies":[{"embeddable":true,"href":"https:\/\/gambler.m2web.pl\/index.php?rest_route=%2Fwp%2Fv2%2Fcomments&post=12306"}],"version-history":[{"count":1,"href":"https:\/\/gambler.m2web.pl\/index.php?rest_route=\/wp\/v2\/product\/12306\/revisions"}],"predecessor-version":[{"id":12408,"href":"https:\/\/gambler.m2web.pl\/index.php?rest_route=\/wp\/v2\/product\/12306\/revisions\/12408"}],"wp:featuredmedia":[{"embeddable":true,"href":"https:\/\/gambler.m2web.pl\/index.php?rest_route=\/wp\/v2\/media\/12407"}],"wp:attachment":[{"href":"https:\/\/gambler.m2web.pl\/index.php?rest_route=%2Fwp%2Fv2%2Fmedia&parent=12306"}],"wp:term":[{"taxonomy":"product_brand","embeddable":true,"href":"https:\/\/gambler.m2web.pl\/index.php?rest_route=%2Fwp%2Fv2%2Fproduct_brand&post=12306"},{"taxonomy":"product_cat","embeddable":true,"href":"https:\/\/gambler.m2web.pl\/index.php?rest_route=%2Fwp%2Fv2%2Fproduct_cat&post=12306"},{"taxonomy":"product_tag","embeddable":true,"href":"https:\/\/gambler.m2web.pl\/index.php?rest_route=%2Fwp%2Fv2%2Fproduct_tag&post=12306"}],"curies":[{"name":"wp","href":"https:\/\/api.w.org\/{rel}","templated":true}]}}