{"id":12307,"date":"2026-01-06T23:13:15","date_gmt":"2026-01-06T22:13:15","guid":{"rendered":"https:\/\/gambler.m2web.pl\/?post_type=product&#038;p=12307"},"modified":"2026-01-06T23:13:28","modified_gmt":"2026-01-06T22:13:28","slug":"evergreen-mata-do-ruletki-90-x-45-cm","status":"publish","type":"product","link":"https:\/\/gambler.m2web.pl\/?product=evergreen-mata-do-ruletki-90-x-45-cm","title":{"rendered":"EVERGREEN Mata do ruletki 90 x 45 cm"},"content":{"rendered":"<div class=\"item item-6\">\n<section class=\"text-item\">\n<h1>EVERGREEN Mata do ruletki 90 x 45 cm<\/h1>\n<p>Nr kat.: 112LAYOUT4<br \/>\nMata do gry w ruletk\u0119 odmiany europejskiej.<br \/>\n<b>Wykonana z grubego i wytrzyma\u0142ego zielonego filcu.<\/b><br \/>\nNadrukowane pola do ustawiania \u017ceton\u00f3w.<br \/>\n<b>Do roz\u0142o\u017cenia na stole lub innej p\u0142askiej powierzchni.<\/b><br \/>\nWymiary: 90 x 45 cm.<br \/>\nGrubo\u015b\u0107 materia\u0142u: 2 mm.<\/p>\n<p><strong>PRODUCENT<\/strong><br \/>\nNingbo Evergreen Enterprise Co.,Ltd.<\/p>\n<p><strong>ADRES<\/strong><br \/>\nChiny, #19 Jingang Road,Ningdong Industrial Zone,Liyang Town,Ninghai, Ningbo\u00a0315000<\/p>\n<p><strong>KONTAKT<\/strong><br \/>\nbettyhu@evergreenchina.com<\/p>\n<p>&nbsp;<\/p>\n<p><strong>OSOBA ODPOWIEDZIALNA <\/strong><br \/>\nFirma Handlowa PULIO Krzysztof Gebel<\/p>\n<p><strong>ADRES<\/strong><br \/>\nKolejowa 3, 55-040 Bielany Wroc\u0142awskie<\/p>\n<p><strong>KONTAKT<\/strong><br \/>\ntel. +48 71 352 07 80<br \/>\nbiuro@pulio.pl<\/p>\n<\/section>\n<\/div>\n","protected":false},"excerpt":{"rendered":"<p>EVERGREEN Mata do ruletki 90 x 45 cm Nr kat.: 112LAYOUT4 Mata do gry w ruletk\u0119 odmiany europejskiej. Wykonana z<\/p>\n","protected":false},"featured_media":12410,"comment_status":"closed","ping_status":"closed","template":"","meta":[],"product_brand":[],"product_cat":[129,130],"product_tag":[],"class_list":{"0":"post-12307","1":"product","2":"type-product","3":"status-publish","4":"has-post-thumbnail","6":"product_cat-blaty-i-maty","7":"product_cat-ruletka","9":"first","10":"instock","11":"shipping-taxable","12":"purchasable","13":"product-type-simple"},"_links":{"self":[{"href":"https:\/\/gambler.m2web.pl\/index.php?rest_route=\/wp\/v2\/product\/12307","targetHints":{"allow":["GET"]}}],"collection":[{"href":"https:\/\/gambler.m2web.pl\/index.php?rest_route=\/wp\/v2\/product"}],"about":[{"href":"https:\/\/gambler.m2web.pl\/index.php?rest_route=\/wp\/v2\/types\/product"}],"replies":[{"embeddable":true,"href":"https:\/\/gambler.m2web.pl\/index.php?rest_route=%2Fwp%2Fv2%2Fcomments&post=12307"}],"version-history":[{"count":1,"href":"https:\/\/gambler.m2web.pl\/index.php?rest_route=\/wp\/v2\/product\/12307\/revisions"}],"predecessor-version":[{"id":12411,"href":"https:\/\/gambler.m2web.pl\/index.php?rest_route=\/wp\/v2\/product\/12307\/revisions\/12411"}],"wp:featuredmedia":[{"embeddable":true,"href":"https:\/\/gambler.m2web.pl\/index.php?rest_route=\/wp\/v2\/media\/12410"}],"wp:attachment":[{"href":"https:\/\/gambler.m2web.pl\/index.php?rest_route=%2Fwp%2Fv2%2Fmedia&parent=12307"}],"wp:term":[{"taxonomy":"product_brand","embeddable":true,"href":"https:\/\/gambler.m2web.pl\/index.php?rest_route=%2Fwp%2Fv2%2Fproduct_brand&post=12307"},{"taxonomy":"product_cat","embeddable":true,"href":"https:\/\/gambler.m2web.pl\/index.php?rest_route=%2Fwp%2Fv2%2Fproduct_cat&post=12307"},{"taxonomy":"product_tag","embeddable":true,"href":"https:\/\/gambler.m2web.pl\/index.php?rest_route=%2Fwp%2Fv2%2Fproduct_tag&post=12307"}],"curies":[{"name":"wp","href":"https:\/\/api.w.org\/{rel}","templated":true}]}}