{"id":12309,"date":"2026-01-06T23:13:15","date_gmt":"2026-01-06T22:13:15","guid":{"rendered":"https:\/\/gambler.m2web.pl\/?post_type=product&#038;p=12309"},"modified":"2026-01-06T23:13:29","modified_gmt":"2026-01-06T22:13:29","slug":"evergreen-zeton-do-pokera-las-vegas-ceramika-nominal-10","status":"publish","type":"product","link":"https:\/\/gambler.m2web.pl\/?product=evergreen-zeton-do-pokera-las-vegas-ceramika-nominal-10","title":{"rendered":"EVERGREEN \u017beton do pokera LAS VEGAS Ceramika Nomina\u0142 10"},"content":{"rendered":"<h1>EVERGREEN \u017beton do pokera LAS VEGAS Ceramika Nomina\u0142 10<\/h1>\n<p>Nr kat: 112LV10<br \/>\nKolor: niebieski<br \/>\n<b>Wysokiej jako\u015bci \u017cetony ceramiczne z logo Welcome to Las Vegas &#8211; \u015awiatowej stolicy rozrywki.<\/b><br \/>\n<b>\u017betony wykonane z wypalanej glinki ceramicznej \u2013 najlepszego materia\u0142u wykorzystywanego do produkcji \u017ceton\u00f3w.<\/b><br \/>\n<b>Charakteryzuj\u0105 si\u0119 idealnym wywa\u017ceniem i du\u017c\u0105 wytrzyma\u0142o\u015bci\u0105.<\/b><br \/>\n\u017betony z delikatnie szorstk\u0105 powierzchni\u0105, dzi\u0119ki kt\u00f3rej \u015bwietnie le\u017c\u0105 w d\u0142oni oraz nadaj\u0105 si\u0119 do wykonywania skomplikowanych trik\u00f3w.<br \/>\n<b>Obustronne nomina\u0142y, powt\u00f3rzone tak\u017ce na rantach \u017ceton\u00f3w.<\/b><br \/>\n<b>Nomina\u0142y dost\u0119pne w serii: 1 \/ 10 \/ 25 \/ 100 \/ 200 \/ 500 \/ 2.000<\/b><br \/>\n\u015arednica: 39,5 mm.<br \/>\nGrubo\u015b\u0107: 3,3 mm.<br \/>\nWaga: 10 g.<br \/>\n<b>Cena za sztuk\u0119.<\/b><\/p>\n<p><strong>PRODUCENT<\/strong><br \/>\nNingbo Evergreen Enterprise Co.,Ltd.<\/p>\n<p><strong>ADRES<\/strong><br \/>\nChiny, #19 Jingang Road,Ningdong Industrial Zone,Liyang Town,Ninghai, Ningbo\u00a0315000<\/p>\n<p><strong>KONTAKT<\/strong><br \/>\nbettyhu@evergreenchina.com<\/p>\n<p>&nbsp;<\/p>\n<p><strong>OSOBA ODPOWIEDZIALNA <\/strong><br \/>\nFirma Handlowa PULIO Krzysztof Gebel<\/p>\n<p><strong>ADRES<\/strong><br \/>\nKolejowa 3, 55-040 Bielany Wroc\u0142awskie<\/p>\n<p><strong>KONTAKT<\/strong><br \/>\ntel. +48 71 352 07 80<br \/>\nbiuro@pulio.pl<\/p>\n","protected":false},"excerpt":{"rendered":"<p>EVERGREEN \u017beton do pokera LAS VEGAS Ceramika Nomina\u0142 10 Nr kat: 112LV10 Kolor: niebieski Wysokiej jako\u015bci \u017cetony ceramiczne z logo<\/p>\n","protected":false},"featured_media":12414,"comment_status":"closed","ping_status":"closed","template":"","meta":[],"product_brand":[],"product_cat":[183,135,136],"product_tag":[],"class_list":{"0":"post-12309","1":"product","2":"type-product","3":"status-publish","4":"has-post-thumbnail","6":"product_cat-las-vegas-poker-chip","7":"product_cat-zetony","8":"product_cat-zetony-ceramiczne","10":"first","11":"instock","12":"shipping-taxable","13":"purchasable","14":"product-type-simple"},"_links":{"self":[{"href":"https:\/\/gambler.m2web.pl\/index.php?rest_route=\/wp\/v2\/product\/12309","targetHints":{"allow":["GET"]}}],"collection":[{"href":"https:\/\/gambler.m2web.pl\/index.php?rest_route=\/wp\/v2\/product"}],"about":[{"href":"https:\/\/gambler.m2web.pl\/index.php?rest_route=\/wp\/v2\/types\/product"}],"replies":[{"embeddable":true,"href":"https:\/\/gambler.m2web.pl\/index.php?rest_route=%2Fwp%2Fv2%2Fcomments&post=12309"}],"version-history":[{"count":1,"href":"https:\/\/gambler.m2web.pl\/index.php?rest_route=\/wp\/v2\/product\/12309\/revisions"}],"predecessor-version":[{"id":12415,"href":"https:\/\/gambler.m2web.pl\/index.php?rest_route=\/wp\/v2\/product\/12309\/revisions\/12415"}],"wp:featuredmedia":[{"embeddable":true,"href":"https:\/\/gambler.m2web.pl\/index.php?rest_route=\/wp\/v2\/media\/12414"}],"wp:attachment":[{"href":"https:\/\/gambler.m2web.pl\/index.php?rest_route=%2Fwp%2Fv2%2Fmedia&parent=12309"}],"wp:term":[{"taxonomy":"product_brand","embeddable":true,"href":"https:\/\/gambler.m2web.pl\/index.php?rest_route=%2Fwp%2Fv2%2Fproduct_brand&post=12309"},{"taxonomy":"product_cat","embeddable":true,"href":"https:\/\/gambler.m2web.pl\/index.php?rest_route=%2Fwp%2Fv2%2Fproduct_cat&post=12309"},{"taxonomy":"product_tag","embeddable":true,"href":"https:\/\/gambler.m2web.pl\/index.php?rest_route=%2Fwp%2Fv2%2Fproduct_tag&post=12309"}],"curies":[{"name":"wp","href":"https:\/\/api.w.org\/{rel}","templated":true}]}}