{"id":12421,"date":"2026-01-06T23:13:30","date_gmt":"2026-01-06T22:13:30","guid":{"rendered":"https:\/\/gambler.m2web.pl\/?post_type=product&#038;p=12421"},"modified":"2026-01-06T23:13:33","modified_gmt":"2026-01-06T22:13:33","slug":"evergreen-material-tkanina-pokerowa-kolor-niebieski-3-metry-biezace","status":"publish","type":"product","link":"https:\/\/gambler.m2web.pl\/?product=evergreen-material-tkanina-pokerowa-kolor-niebieski-3-metry-biezace","title":{"rendered":"EVERGREEN Materia\u0142 Tkanina pokerowa Kolor niebieski (3 METRY BIE\u017b\u0104CE)"},"content":{"rendered":"<div class=\"item item-6\">\n<section class=\"text-item\">\n<h1>EVERGREEN Materia\u0142 Tkanina pokerowa Kolor niebieski (3 METRY BIE\u017b\u0104CE)<\/h1>\n<p>Nr kat.: 11262079<br \/>\n<b>Mi\u0119kka tkanina pokerowa z symbolami kart do gry (kolorami).<\/b><br \/>\nMateria\u0142 wodoodporny i \u0142atwy do utrzymania w czysto\u015bci.<br \/>\n<b>G\u0142adka powierzchnia u\u0142atwia przesuwanie kart i ogranicza podskakiwanie \u017ceton\u00f3w.<\/b><br \/>\nSk\u0142ad: 100% w\u0142\u00f3kno poliestrowe.<br \/>\n<b>Wymiary: 3 m x 1 m (1 szt.).<\/b><br \/>\nNiebiesko-czarny awers i czarny rewers.<\/p>\n<p><b>UWAGA: 1 sztuka w cenie 40 z\u0142 oznacza 1 metr bie\u017c\u0105cy o wymiarach 1 x 3 m, 2 szt. to dwa metry bie\u017c\u0105ce o wymiarach 2 x 3 m itd.<\/b><\/p>\n<p><strong>PRODUCENT<\/strong><br \/>\nNingbo Evergreen Enterprise Co.,Ltd.<\/p>\n<p><strong>ADRES<\/strong><br \/>\nChiny, #19 Jingang Road,Ningdong Industrial Zone,Liyang Town,Ninghai, Ningbo\u00a0315000<\/p>\n<p><strong>KONTAKT<\/strong><br \/>\nbettyhu@evergreenchina.com<\/p>\n<p>&nbsp;<\/p>\n<p><strong>OSOBA ODPOWIEDZIALNA <\/strong><br \/>\nFirma Handlowa PULIO Krzysztof Gebel<\/p>\n<p><strong>ADRES<\/strong><br \/>\nKolejowa 3, 55-040 Bielany Wroc\u0142awskie<\/p>\n<p><strong>KONTAKT<\/strong><br \/>\ntel. +48 71 352 07 80<br \/>\nbiuro@pulio.pl<\/p>\n<\/section>\n<\/div>\n","protected":false},"excerpt":{"rendered":"<p>EVERGREEN Materia\u0142 Tkanina pokerowa Kolor niebieski (3 METRY BIE\u017b\u0104CE) Nr kat.: 11262079 Mi\u0119kka tkanina pokerowa z symbolami kart do gry<\/p>\n","protected":false},"featured_media":12444,"comment_status":"closed","ping_status":"closed","template":"","meta":[],"product_brand":[],"product_cat":[129],"product_tag":[],"class_list":{"0":"post-12421","1":"product","2":"type-product","3":"status-publish","4":"has-post-thumbnail","6":"product_cat-blaty-i-maty","8":"first","9":"instock","10":"shipping-taxable","11":"purchasable","12":"product-type-simple"},"_links":{"self":[{"href":"https:\/\/gambler.m2web.pl\/index.php?rest_route=\/wp\/v2\/product\/12421","targetHints":{"allow":["GET"]}}],"collection":[{"href":"https:\/\/gambler.m2web.pl\/index.php?rest_route=\/wp\/v2\/product"}],"about":[{"href":"https:\/\/gambler.m2web.pl\/index.php?rest_route=\/wp\/v2\/types\/product"}],"replies":[{"embeddable":true,"href":"https:\/\/gambler.m2web.pl\/index.php?rest_route=%2Fwp%2Fv2%2Fcomments&post=12421"}],"version-history":[{"count":1,"href":"https:\/\/gambler.m2web.pl\/index.php?rest_route=\/wp\/v2\/product\/12421\/revisions"}],"predecessor-version":[{"id":12445,"href":"https:\/\/gambler.m2web.pl\/index.php?rest_route=\/wp\/v2\/product\/12421\/revisions\/12445"}],"wp:featuredmedia":[{"embeddable":true,"href":"https:\/\/gambler.m2web.pl\/index.php?rest_route=\/wp\/v2\/media\/12444"}],"wp:attachment":[{"href":"https:\/\/gambler.m2web.pl\/index.php?rest_route=%2Fwp%2Fv2%2Fmedia&parent=12421"}],"wp:term":[{"taxonomy":"product_brand","embeddable":true,"href":"https:\/\/gambler.m2web.pl\/index.php?rest_route=%2Fwp%2Fv2%2Fproduct_brand&post=12421"},{"taxonomy":"product_cat","embeddable":true,"href":"https:\/\/gambler.m2web.pl\/index.php?rest_route=%2Fwp%2Fv2%2Fproduct_cat&post=12421"},{"taxonomy":"product_tag","embeddable":true,"href":"https:\/\/gambler.m2web.pl\/index.php?rest_route=%2Fwp%2Fv2%2Fproduct_tag&post=12421"}],"curies":[{"name":"wp","href":"https:\/\/api.w.org\/{rel}","templated":true}]}}